{"id":2208,"date":"2020-12-27T12:28:59","date_gmt":"2020-12-27T11:28:59","guid":{"rendered":"https:\/\/apizzatelfs.at\/wp\/?page_id=2208"},"modified":"2023-04-28T18:18:20","modified_gmt":"2023-04-28T16:18:20","slug":"14-allergene","status":"publish","type":"page","link":"https:\/\/citykebaptelfs.at\/index\/14-allergene\/","title":{"rendered":"14-Allergene"},"content":{"rendered":"<figure class=\"wp-block-image size-large is-style-default\"><img decoding=\"async\" src=\"https:\/\/apizzatelfs.at\/wp\/wp-content\/uploads\/2020\/12\/gluten.jpg\" alt=\"\" class=\"wp-image-2209\"\/><\/figure><p class=\"has-text-align-left\"><strong>A &#8211; Gluten<\/strong> z.B. Brot und Geb\u00e4ck, Kuchen, Teigwaren, Suppen, So\u00dfen, Paniermehl, Semmelbr\u00f6sel, Wurstwaren, Backerbsen, Frischkornbreie, Desserts, Schokolade<\/p><figure class=\"wp-block-image size-large is-style-default\"><img decoding=\"async\" src=\"https:\/\/apizzatelfs.at\/wp\/wp-content\/uploads\/2020\/12\/krebstiere.jpg\" alt=\"\" class=\"wp-image-2211\"\/><\/figure><p><strong>B &#8211; Krebstiere<\/strong> z.B. Feinkostsalate, Suppen, So\u00dfen, Paella, Bouillabaisse, Sashimi, Surimi<\/p><figure class=\"wp-block-image size-large is-style-default\"><img decoding=\"async\" src=\"https:\/\/apizzatelfs.at\/wp\/wp-content\/uploads\/2020\/12\/ei.jpg\" alt=\"\" class=\"wp-image-2217\"\/><\/figure><p><strong>C &#8211; Eier von Gefl\u00fcgel<\/strong> z.B. Eierteigwaren, panierte Speisen, Mayonnaise, Palatschinken, Kuchen, Geb\u00e4ck, Brot, Nudeln, Croutons, Faschierter Braten, Burger, Feinkostsalate, Pasteten, Quiches, So\u00dfen, Dressings, Desserts<\/p><figure class=\"wp-block-image size-large is-style-default\"><img decoding=\"async\" src=\"https:\/\/apizzatelfs.at\/wp\/wp-content\/uploads\/2020\/12\/fisch.jpg\" alt=\"\" class=\"wp-image-2218\"\/><\/figure><p><strong>D &#8211; Fisch<\/strong> z.B. Kr\u00e4cker, So\u00dfen, Suppen, W\u00fcrzpasteten, W\u00fcrste, Surimi, Sardellenwurst, Brotaufstriche, Feinkostsalate, Pasteten, Vitello tonnato<\/p><figure class=\"wp-block-image size-large is-style-default\"><img decoding=\"async\" src=\"https:\/\/apizzatelfs.at\/wp\/wp-content\/uploads\/2020\/12\/erdnusse.jpg\" alt=\"\" class=\"wp-image-2219\"\/><\/figure><p><strong>E &#8211; Erdn\u00fcsse<\/strong> z.B. Margarine, Brot, Kuchen, Geb\u00e4ck, Schokocreme, Brotaufstriche, Cerealien, M\u00fcsli, Fr\u00fchst\u00fccksflocken, Schokolade, Feinkostsalate, Marinaden, Sat\u00e9sau\u00dfe, Eis, aromatisierter Kaffee, Lik\u00f6r, (Pommes Frites)<\/p><figure class=\"wp-block-image size-large is-style-default\"><img decoding=\"async\" src=\"https:\/\/apizzatelfs.at\/wp\/wp-content\/uploads\/2020\/12\/soja.jpg\" alt=\"\" class=\"wp-image-2226\"\/><\/figure><p><strong>F &#8211; Sojabohnen<\/strong> z.B. Brot, Kuchen, Geb\u00e4ck,Feinkostsalate, Margarine, Schokocreme, Brotaufstriche, M\u00fcsli, Schokolade, Kekse, Kaugummi, So\u00dfen, Dressings, Marinaden, Mayonnaise, Eis, Sportlernahrung, Di\u00e4tdrinks, Kaffeewei\u00dfer<\/p><figure class=\"wp-block-image size-large is-style-default\"><img decoding=\"async\" src=\"https:\/\/apizzatelfs.at\/wp\/wp-content\/uploads\/2020\/12\/milch.jpg\" alt=\"\" class=\"wp-image-2221\"\/><\/figure><p><strong>G &#8211; Milch von S\u00e4ugetieren<\/strong> z.B. Brot, Kuchen, Geb\u00e4ck, Br\u00fch-, Koch-, Roh,Bratwurst, Feinkostsalate, Margarine, Nussnougatcreme, M\u00fcsli, Schokolade, Karamell, Aufl\u00e4ufe, Gratin, Kartoffelp\u00fcrree, Kroketten, Pommes Frites, Chips, Suppen, So\u00dfen, Dressing, Marinaden, Desserts, Kakao, Wein<\/p><figure class=\"wp-block-image size-large is-style-default\"><img decoding=\"async\" src=\"https:\/\/apizzatelfs.at\/wp\/wp-content\/uploads\/2020\/12\/schalenfruchte.jpg\" alt=\"\" class=\"wp-image-2222\"\/><\/figure><p><strong>H &#8211; Schalenfr\u00fcchte<\/strong> z.B. Brot, Kuchen, Geb\u00e4ck, Br\u00fchw\u00fcrste (Pistazien), Rohw\u00fcrste (Waln\u00fcsse), Pasteten, Feinkostsalate (Waldorf), Joghurt, K\u00e4se, Nuss-\/ Nougatcreme, Aufstriche, M\u00fcsli, Schokolade, Marzipan, M\u00fcsliriegel, Kekse, Dressings, Curry, Pesto, Desserts, Lik\u00f6r, aromatisierter Kaffee<\/p><figure class=\"wp-block-image size-large is-style-default\"><img decoding=\"async\" src=\"https:\/\/apizzatelfs.at\/wp\/wp-content\/uploads\/2020\/12\/sellerie.jpg\" alt=\"\" class=\"wp-image-2223\"\/><\/figure><p><strong>L &#8211; Sellerie<\/strong> z.B. Suppengr\u00fcn, Gew\u00fcrzbrot, Wurst, Fleischerzeugnisse, Fleischzubereitungen, Kr\u00e4uterk\u00e4se, Fertiggerichte, Feinkostsalate, Br\u00fche, Suppen, Eintopf, Marinaden, Gew\u00fcrzmischungen, Curry, salzige Snacks (Chips)<\/p><figure class=\"wp-block-image size-large is-style-default\"><img decoding=\"async\" src=\"https:\/\/apizzatelfs.at\/wp\/wp-content\/uploads\/2020\/12\/senf.jpg\" alt=\"\" class=\"wp-image-2224\"\/><\/figure><p><strong>M &#8211; Senf<\/strong> z.B. Fleischerzeugnisse, Feinkostsalate, Suppen, So\u00dfen, Dressing, Mayonnaise, Ketchup, eingelegtes Gem\u00fcse und Gew\u00fcrzmischungen, K\u00e4se, Essiggurken<\/p><figure class=\"wp-block-image size-large is-style-default\"><img decoding=\"async\" src=\"https:\/\/apizzatelfs.at\/wp\/wp-content\/uploads\/2020\/12\/sesam.jpg\" alt=\"\" class=\"wp-image-2225\"\/><\/figure><p><strong>N &#8211; Sesamsamen<\/strong> z.B. Brot, Kn\u00e4ckebrot, Geb\u00e4ck (s\u00fc\u00df und salzig), M\u00fcsli, vegetarische Gerichte, Falafel, Salate, Humus, Feinkostsalate, Marinaden, Desserts<\/p><figure class=\"wp-block-image size-large is-style-default\"><img decoding=\"async\" src=\"https:\/\/apizzatelfs.at\/wp\/wp-content\/uploads\/2020\/12\/sulfite.jpg\" alt=\"\" class=\"wp-image-2227\"\/><\/figure><p><strong>O &#8211; Schwefeldioxid und Sulfite<\/strong> z.B. Fruchtzubereitungen, M\u00fcsli, Brot, Fleischerzeugnisse, Feinkostsalate, Suppen, So\u00dfen, Sauerkraut, Fruchtsaft, Chips und andere getrocknete Kartoffelerzeugnisse, gesalzener Trockenfisch<\/p><figure class=\"wp-block-image size-large is-style-default\"><img decoding=\"async\" src=\"https:\/\/apizzatelfs.at\/wp\/wp-content\/uploads\/2020\/12\/lupinen.jpg\" alt=\"\" class=\"wp-image-2220\"\/><\/figure><p><strong>P &#8211; Lupinen<\/strong> z.B. Brot, Geb\u00e4ck, Pizza, Nudeln, Snacks, fettreduzierte Fleischerzeugnisse, Fleischersatz\/ vegetarische Produkte, glutenfreie Produkte, Desserts, milchfreier Eierersatz, Kaffeeersatz, Fl\u00fcssiggew\u00fcrze<\/p><figure class=\"wp-block-image size-large is-style-default\"><img decoding=\"async\" src=\"https:\/\/apizzatelfs.at\/wp\/wp-content\/uploads\/2020\/12\/weichtiere.jpg\" alt=\"\" class=\"wp-image-2228\"\/><\/figure><p><strong>R &#8211; Weichtiere<\/strong> z.B. W\u00fcrzpasten, Paella, Suppen, So\u00dfen, Marinaden, Feinkostsalate<\/p>","protected":false},"excerpt":{"rendered":"<p>A &#8211; Gluten z.B. Brot und Geb\u00e4ck, Kuchen, Teigwaren, Suppen, So\u00dfen, Paniermehl, Semmelbr\u00f6sel, Wurstwaren, Backerbsen, Frischkornbreie, Desserts, Schokolade B &#8211; Krebstiere z.B. Feinkostsalate, Suppen, So\u00dfen, Paella, Bouillabaisse, Sashimi, Surimi C &#8211; Eier von Gefl\u00fcgel z.B. Eierteigwaren, panierte Speisen, Mayonnaise, Palatschinken, Kuchen, Geb\u00e4ck, Brot, Nudeln, Croutons, Faschierter Braten, Burger, Feinkostsalate, Pasteten, Quiches, So\u00dfen, Dressings, Desserts D [&hellip;]<\/p>\n","protected":false},"author":1,"featured_media":0,"parent":0,"menu_order":0,"comment_status":"closed","ping_status":"closed","template":"","meta":{"footnotes":""},"class_list":["post-2208","page","type-page","status-publish","hentry"],"_links":{"self":[{"href":"https:\/\/citykebaptelfs.at\/index\/wp-json\/wp\/v2\/pages\/2208","targetHints":{"allow":["GET"]}}],"collection":[{"href":"https:\/\/citykebaptelfs.at\/index\/wp-json\/wp\/v2\/pages"}],"about":[{"href":"https:\/\/citykebaptelfs.at\/index\/wp-json\/wp\/v2\/types\/page"}],"author":[{"embeddable":true,"href":"https:\/\/citykebaptelfs.at\/index\/wp-json\/wp\/v2\/users\/1"}],"replies":[{"embeddable":true,"href":"https:\/\/citykebaptelfs.at\/index\/wp-json\/wp\/v2\/comments?post=2208"}],"version-history":[{"count":0,"href":"https:\/\/citykebaptelfs.at\/index\/wp-json\/wp\/v2\/pages\/2208\/revisions"}],"wp:attachment":[{"href":"https:\/\/citykebaptelfs.at\/index\/wp-json\/wp\/v2\/media?parent=2208"}],"curies":[{"name":"wp","href":"https:\/\/api.w.org\/{rel}","templated":true}]}}